{"id":37,"date":"2022-10-20T11:49:26","date_gmt":"2022-10-20T09:49:26","guid":{"rendered":"http:\/\/edc.ooteca.artedra.net\/wordpress\/?page_id=37"},"modified":"2022-10-23T18:38:02","modified_gmt":"2022-10-23T16:38:02","slug":"documents-del-centre","status":"publish","type":"page","link":"http:\/\/edc.ooteca.artedra.net\/wordpress\/?page_id=37","title":{"rendered":"Documents del Centre"},"content":{"rendered":"\n<h4 class=\"wp-block-heading\">Documents corporatius<\/h4>\n\n\n\n<p>Els documents corporatius que podreu trobar a la p\u00e0gina web corporativa de l&#8217;escola son:<br>el <em><strong>NOFC (PDF pendent), <\/strong><\/em><br>el <strong>PEC<\/strong><em><strong> (PDF pendent)<\/strong><\/em> i <br>i el <strong>Projecte de Direcci\u00f3 (PDF pendent)<\/strong>.<\/p>\n\n\n\n<h4 class=\"wp-block-heading\">Documentaci\u00f3 cultura digital<\/h4>\n\n\n\n<p>L&#8217;escola edRa t\u00e9 un&nbsp;recull de documents que proposen i estableixen procediments relacionats en l\u2019\u00e0mbit i cultura digital de l&#8217;escola.<\/p>\n\n\n\n<p>A consequ\u00e8ncia del confinament que van patir les escoles el curs 2019-2020, l&#8217;escola edRa va migrar totes les tasques docents i pedag\u00f2giques dels estudis reglats a un entorn digital. Pel que fa a estudis no reglats (Tallers d&#8217;Art per a adults, joves i infants) es van crear videotutorials dins de les disciplines d&#8217;arts pl\u00e0stiques i cer\u00e0mica. Podeu veure exemples dins del <a href=\"https:\/\/www.youtube.com\/channel\/UC4xU9MCqgAv39slWWY7CQGg\" data-type=\"URL\" data-id=\"https:\/\/www.youtube.com\/channel\/UC4xU9MCqgAv39slWWY7CQGg\" target=\"_blank\" rel=\"noreferrer noopener\">canal Youtube de l&#8217;escola<\/a>. A partir curs 2020 i 2021 s&#8217;han fet documents planificant el desplegament de cada curs acad\u00e8mic a nivell digital proposant millores, canvis, etc. Alguns d&#8217;aquest documents son:<\/p>\n\n\n\n<ul class=\"wp-block-list\"><li>Prova pilot moodle APGI 1 (curs 2020-21). <em><strong>PDF<\/strong> (actualment inactiu)<\/em>,<\/li><li>EDRA ONLINE V.2 (curs 20-21). <em><strong>PDF<\/strong> (actualment inactiu)<\/em>,<\/li><li>EDRA ONLINE V.3 (curs 21-22). <em><strong>PDF<\/strong> (actualment inactiu)<\/em> i<\/li><li>EDRA ONLINE V.4. (curs 22-23). <em><strong>PDF<\/strong> (actualment inactiu).<\/em><br><br>Aquests &#8220;Plans de desplegament EVA moodle.artedra.net&#8221; van acompanyats de documents orientats a acompanyar l&#8217;\u00fas del campus virtual artedra.net:<br><\/li><li>Tutorial Benvinguda alumnat a l&#8217;entorn digital edRa. <em><strong>PDF<\/strong> (actualment inactiu).<\/em><\/li><li>Tutorial Benviguda professorat a l&#8217;entorn digital edRa. <em><strong>PDF<\/strong> (actualment inactiu).<\/em><\/li><\/ul>\n\n\n\n<p>Tamb\u00e9 s&#8217;ha dut a terme dues formacions dins de l&#8217;\u00e0mbit digital per formar i orientar al professorat en l&#8217;us d&#8217;enes digitals-<\/p>\n\n\n\n<ul class=\"wp-block-list\"><li>Pla de formaci\u00f3 moodle professorat (setembre (2021) <em><strong>enlla\u00e7<\/strong> (actualment inactiu)<\/em> i<\/li><li>Pla de formaci\u00f3 EDC (Juny 2022) <em><strong>enlla\u00e7<\/strong> (actualment inactiu)<\/em>.<\/li><\/ul>\n\n\n\n<p><code>[Autoria: Marta]<\/code><\/p>\n","protected":false},"excerpt":{"rendered":"<p>Documents corporatius Els documents corporatius que podreu trobar a la p\u00e0gina web corporativa de l&#8217;escola son:el NOFC (PDF pendent), el PEC (PDF pendent) i i el Projecte de Direcci\u00f3 (PDF pendent). Documentaci\u00f3 cultura digital L&#8217;escola edRa t\u00e9 un&nbsp;recull de documents que proposen i estableixen procediments relacionats en l\u2019\u00e0mbit i cultura digital de l&#8217;escola. A consequ\u00e8ncia &hellip; <a href=\"http:\/\/edc.ooteca.artedra.net\/wordpress\/?page_id=37\" class=\"more-link\">Continua la lectura de <span class=\"screen-reader-text\">Documents del Centre<\/span><\/a><\/p>\n","protected":false},"author":1,"featured_media":0,"parent":0,"menu_order":0,"comment_status":"closed","ping_status":"closed","template":"","meta":{"footnotes":""},"class_list":["post-37","page","type-page","status-publish","hentry"],"_links":{"self":[{"href":"http:\/\/edc.ooteca.artedra.net\/wordpress\/index.php?rest_route=\/wp\/v2\/pages\/37","targetHints":{"allow":["GET"]}}],"collection":[{"href":"http:\/\/edc.ooteca.artedra.net\/wordpress\/index.php?rest_route=\/wp\/v2\/pages"}],"about":[{"href":"http:\/\/edc.ooteca.artedra.net\/wordpress\/index.php?rest_route=\/wp\/v2\/types\/page"}],"author":[{"embeddable":true,"href":"http:\/\/edc.ooteca.artedra.net\/wordpress\/index.php?rest_route=\/wp\/v2\/users\/1"}],"replies":[{"embeddable":true,"href":"http:\/\/edc.ooteca.artedra.net\/wordpress\/index.php?rest_route=%2Fwp%2Fv2%2Fcomments&post=37"}],"version-history":[{"count":13,"href":"http:\/\/edc.ooteca.artedra.net\/wordpress\/index.php?rest_route=\/wp\/v2\/pages\/37\/revisions"}],"predecessor-version":[{"id":139,"href":"http:\/\/edc.ooteca.artedra.net\/wordpress\/index.php?rest_route=\/wp\/v2\/pages\/37\/revisions\/139"}],"wp:attachment":[{"href":"http:\/\/edc.ooteca.artedra.net\/wordpress\/index.php?rest_route=%2Fwp%2Fv2%2Fmedia&parent=37"}],"curies":[{"name":"wp","href":"https:\/\/api.w.org\/{rel}","templated":true}]}}