{"id":17,"date":"2022-10-20T11:32:18","date_gmt":"2022-10-20T09:32:18","guid":{"rendered":"http:\/\/edc.ooteca.artedra.net\/wordpress\/?page_id=17"},"modified":"2023-03-24T11:09:31","modified_gmt":"2023-03-24T09:09:31","slug":"introduccio","status":"publish","type":"page","link":"https:\/\/edc.ooteca.artedra.net\/wordpress\/","title":{"rendered":"Introducci\u00f3"},"content":{"rendered":"\n<p>Des del curs 2021-2022 i fins a l&#8217;actualitat treballem en el pla d\u2019Estrat\u00e8gia digital de Centre (EDC). L&#8217;objectiu general \u00e9s millorar la cultura digital del Centre i donar un millor servei als ciutadans i ciutadanes que participen de l&#8217;activitat de la nostra escola des de Rub\u00ed i des del seu entorn .<\/p>\n\n\n\n<p>L&#8217;EDC defineix i concreta les l\u00ednies d\u2019actuaci\u00f3 que fan possible que docents, alumnat i escola assoleixin la compet\u00e8ncia digital. Per aconseguir-la actuem en tots els \u00e0mbits: organitzatius, metodol\u00f2gics, curriculars i comunicatius, els quals s&#8217;impliquen i es transformen des d\u2019una perspectiva d&#8217;innovaci\u00f3 i de millora cont\u00ednua.<br><br>Els objectius de l&#8217;EDC es poden agrupar en cinc \u00e0rees:<\/p>\n\n\n\n<ul class=\"wp-block-list\">\n<li>Assoliment de la compet\u00e8ncia digital<\/li>\n\n\n\n<li>Planificaci\u00f3 estrat\u00e8gica i organitzaci\u00f3<\/li>\n\n\n\n<li>Metodologies did\u00e0ctiques i innovaci\u00f3<\/li>\n\n\n\n<li>Inclusi\u00f3 digital i de g\u00e8nere<\/li>\n\n\n\n<li>Seguretat i protecci\u00f3 de dades<\/li>\n<\/ul>\n\n\n\n<p>Per tal de con\u00e8ixer la nostra EDC podeu consultar els apartats d\u2019<a href=\"https:\/\/edc.ooteca.artedra.net\/wordpress\/?page_id=20\">estrat\u00e8gia<\/a> i <a href=\"https:\/\/edc.ooteca.artedra.net\/wordpress\/?page_id=37#\" data-type=\"URL\" data-id=\"https:\/\/edc.ooteca.artedra.net\/wordpress\/?page_id=37#\">cultura digital<\/a>:<\/p>\n\n\n\n<figure class=\"wp-block-embed is-type-video is-provider-youtube wp-block-embed-youtube wp-embed-aspect-16-9 wp-has-aspect-ratio\"><div class=\"wp-block-embed__wrapper\">\n<iframe loading=\"lazy\" title=\"Estrat\u00e8gia digital de centre\" width=\"660\" height=\"371\" src=\"https:\/\/www.youtube.com\/embed\/uS5UUZIYLPQ?feature=oembed\" frameborder=\"0\" allow=\"accelerometer; autoplay; clipboard-write; encrypted-media; gyroscope; picture-in-picture; web-share\" referrerpolicy=\"strict-origin-when-cross-origin\" allowfullscreen><\/iframe>\n<\/div><\/figure>\n\n\n\n<pre class=\"wp-block-code\"><code><\/code><\/pre>\n","protected":false},"excerpt":{"rendered":"<p>Des del curs 2021-2022 i fins a l&#8217;actualitat treballem en el pla d\u2019Estrat\u00e8gia digital de Centre (EDC). L&#8217;objectiu general \u00e9s millorar la cultura digital del Centre i donar un millor servei als ciutadans i ciutadanes que participen de l&#8217;activitat de la nostra escola des de Rub\u00ed i des del seu entorn . L&#8217;EDC defineix i &hellip; <a href=\"https:\/\/edc.ooteca.artedra.net\/wordpress\/\" class=\"more-link\">Continua la lectura de <span class=\"screen-reader-text\">Introducci\u00f3<\/span><\/a><\/p>\n","protected":false},"author":1,"featured_media":0,"parent":0,"menu_order":0,"comment_status":"closed","ping_status":"closed","template":"","meta":{"footnotes":""},"class_list":["post-17","page","type-page","status-publish","hentry"],"_links":{"self":[{"href":"https:\/\/edc.ooteca.artedra.net\/wordpress\/index.php?rest_route=\/wp\/v2\/pages\/17","targetHints":{"allow":["GET"]}}],"collection":[{"href":"https:\/\/edc.ooteca.artedra.net\/wordpress\/index.php?rest_route=\/wp\/v2\/pages"}],"about":[{"href":"https:\/\/edc.ooteca.artedra.net\/wordpress\/index.php?rest_route=\/wp\/v2\/types\/page"}],"author":[{"embeddable":true,"href":"https:\/\/edc.ooteca.artedra.net\/wordpress\/index.php?rest_route=\/wp\/v2\/users\/1"}],"replies":[{"embeddable":true,"href":"https:\/\/edc.ooteca.artedra.net\/wordpress\/index.php?rest_route=%2Fwp%2Fv2%2Fcomments&post=17"}],"version-history":[{"count":13,"href":"https:\/\/edc.ooteca.artedra.net\/wordpress\/index.php?rest_route=\/wp\/v2\/pages\/17\/revisions"}],"predecessor-version":[{"id":163,"href":"https:\/\/edc.ooteca.artedra.net\/wordpress\/index.php?rest_route=\/wp\/v2\/pages\/17\/revisions\/163"}],"wp:attachment":[{"href":"https:\/\/edc.ooteca.artedra.net\/wordpress\/index.php?rest_route=%2Fwp%2Fv2%2Fmedia&parent=17"}],"curies":[{"name":"wp","href":"https:\/\/api.w.org\/{rel}","templated":true}]}}